{"id":26,"date":"2017-05-09T14:32:20","date_gmt":"2017-05-09T14:32:20","guid":{"rendered":"https:\/\/www.rosreformas.com\/?page_id=26"},"modified":"2024-05-24T10:51:46","modified_gmt":"2024-05-24T10:51:46","slug":"contacto","status":"publish","type":"page","link":"https:\/\/www.rosreformas.com\/en\/contacto\/","title":{"rendered":"Contacto"},"content":{"rendered":"<div id='full_slider_1'  class='avia-fullwidth-slider main_color avia-shadow   avia-builder-el-0  el_before_av_section  avia-builder-el-first   container_wrap sidebar_right'  ><div  class='avia-slideshow av-9ffma-4080a977bb650ce29c817a2e6ed3f9fe av-control-default avia-slideshow-no scaling av_slideshow_full avia-slide-slider av-default-height-applied   avia-slideshow-1'  data-size='no scaling'  data-lightbox_size='large'  data-animation='slide'  data-conditional_play=''  data-ids='56'  data-video_counter='0'  data-autoplay='false'  data-bg_slider='false'  data-slide_height=''  data-handle='av_slideshow_full'  data-interval='5'  data-class=''  data-extra_class=' '  data-el_id=''  data-css_id=''  data-scroll_down=''  data-control_layout='av-control-default'  data-custom_markup=''  data-perma_caption=''  data-autoplay_stopper=''  data-image_attachment=''  data-min_height='0px'  data-lazy_loading='disabled'  data-default-height='20.833333333333'  data-stretch=''  data-src=''  data-position='top left'  data-repeat='no-repeat'  data-attach='scroll'  data-img_scrset=''  data-av-desktop-hide=''  data-av-medium-hide=''  data-av-small-hide=''  data-av-mini-hide=''  data-id=''  data-custom_class=''  data-template_class=''  data-av_uid='av-9ffma'  data-sc_version='1.0'  data-heading_tag=''  data-heading_class=''   itemprop=\"image\" itemscope=\"itemscope\" itemtype=\"https:\/\/schema.org\/ImageObject\" ><ul class='avia-slideshow-inner' style='padding-bottom: 20.833333333333%;'><li  class='avia-slideshow-slide av-9ffma-4080a977bb650ce29c817a2e6ed3f9fe__0  av-single-slide slide-1' ><div data-rel='slideshow-1' class='avia-slide-wrap'   ><img decoding=\"async\" class=\"wp-image-56 avia-img-lazy-loading-not-56\"  src=\"https:\/\/www.rosreformas.com\/wp-content\/uploads\/2017\/05\/CabContacto.png\" width=\"1920\" height=\"400\" title='CabContacto' alt=''  itemprop=\"thumbnailUrl\" srcset=\"https:\/\/www.rosreformas.com\/wp-content\/uploads\/2017\/05\/CabContacto.png 1920w, https:\/\/www.rosreformas.com\/wp-content\/uploads\/2017\/05\/CabContacto-300x63.png 300w, https:\/\/www.rosreformas.com\/wp-content\/uploads\/2017\/05\/CabContacto-768x160.png 768w, https:\/\/www.rosreformas.com\/wp-content\/uploads\/2017\/05\/CabContacto-1030x215.png 1030w, https:\/\/www.rosreformas.com\/wp-content\/uploads\/2017\/05\/CabContacto-1500x313.png 1500w, https:\/\/www.rosreformas.com\/wp-content\/uploads\/2017\/05\/CabContacto-705x147.png 705w, https:\/\/www.rosreformas.com\/wp-content\/uploads\/2017\/05\/CabContacto-450x94.png 450w\" sizes=\"(max-width: 1920px) 100vw, 1920px\" \/><\/div><\/li><\/ul><\/div><\/div>\n<div id='av_section_1'  class='avia-section av-7v4rm-1bf7193eeef245823418e2ee26f2f558 main_color avia-section-default avia-no-shadow  avia-builder-el-1  el_after_av_slideshow_full  avia-builder-el-last  avia-bg-style-scroll container_wrap sidebar_right'  ><div class='container av-section-cont-open' ><div class='template-page content  av-content-small alpha units'><div class='post-entry post-entry-type-page post-entry-26'><div class='entry-content-wrapper clearfix'>\n\n<style type=\"text\/css\" data-created_by=\"avia_inline_auto\" id=\"style-css-av-qp4q-cb6df61481742b5414c0ff47630b4cf7\">\n.flex_column.av-qp4q-cb6df61481742b5414c0ff47630b4cf7{\nborder-radius:0px 0px 0px 0px;\n-webkit-border-radius:0px 0px 0px 0px;\n-moz-border-radius:0px 0px 0px 0px;\n}\n<\/style>\n<div class='flex_column av-qp4q-cb6df61481742b5414c0ff47630b4cf7 av_one_third  avia-builder-el-2  el_before_av_one_third  avia-builder-el-first  first flex_column_div av-zero-column-padding'   ><style type=\"text\/css\" data-created_by=\"avia_inline_auto\" id=\"style-css-av-74mwq-864dc31d74038bde1e6207fd6135ba1e\">\n#top .av-special-heading.av-74mwq-864dc31d74038bde1e6207fd6135ba1e{\npadding-bottom:10px;\n}\nbody .av-special-heading.av-74mwq-864dc31d74038bde1e6207fd6135ba1e .av-special-heading-tag .heading-char{\nfont-size:25px;\n}\n.av-special-heading.av-74mwq-864dc31d74038bde1e6207fd6135ba1e .av-subheading{\nfont-size:15px;\n}\n<\/style>\n<div  class='av-special-heading av-74mwq-864dc31d74038bde1e6207fd6135ba1e av-special-heading-h3  avia-builder-el-3  avia-builder-el-no-sibling'><h3 class='av-special-heading-tag'  itemprop=\"headline\"  >Datos de contacto<\/h3><div class=\"special-heading-border\"><div class=\"special-heading-inner-border\"><\/div><\/div><\/div><\/div>\n<style type=\"text\/css\" data-created_by=\"avia_inline_auto\" id=\"style-css-av-69l0a-d774a61738c023b6ad7c32f47d40de21\">\n.flex_column.av-69l0a-d774a61738c023b6ad7c32f47d40de21{\nborder-radius:0px 0px 0px 0px;\n-webkit-border-radius:0px 0px 0px 0px;\n-moz-border-radius:0px 0px 0px 0px;\n}\n<\/style>\n<div class='flex_column av-69l0a-d774a61738c023b6ad7c32f47d40de21 av_one_third  avia-builder-el-4  el_after_av_one_third  el_before_av_one_third  flex_column_div av-zero-column-padding'   ><p>\n<style type=\"text\/css\" data-created_by=\"avia_inline_auto\" id=\"style-css-av-5woqe-29afac34ac113882e2bebaca0ecf29d1\">\n#top .av-special-heading.av-5woqe-29afac34ac113882e2bebaca0ecf29d1{\npadding-bottom:10px;\n}\nbody .av-special-heading.av-5woqe-29afac34ac113882e2bebaca0ecf29d1 .av-special-heading-tag .heading-char{\nfont-size:25px;\n}\n.av-special-heading.av-5woqe-29afac34ac113882e2bebaca0ecf29d1 .av-subheading{\nfont-size:15px;\n}\n<\/style>\n<div  class='av-special-heading av-5woqe-29afac34ac113882e2bebaca0ecf29d1 av-special-heading-h3  avia-builder-el-5  el_before_av_image  avia-builder-el-first'><h3 class='av-special-heading-tag'  itemprop=\"headline\"  >QR \/ VCARD<\/h3><div class=\"special-heading-border\"><div class=\"special-heading-inner-border\"><\/div><\/div><\/div><br \/>\n\n<style type=\"text\/css\" data-created_by=\"avia_inline_auto\" id=\"style-css-av-54q6a-a795f0368f1664fe408f50281b6ec51c\">\n.avia-image-container.av-54q6a-a795f0368f1664fe408f50281b6ec51c .av-image-caption-overlay-center{\ncolor:#ffffff;\n}\n<\/style>\n<div  class='avia-image-container av-54q6a-a795f0368f1664fe408f50281b6ec51c av-styling- avia-align-center  avia-builder-el-6  el_after_av_heading  avia-builder-el-last'  itemprop=\"image\" itemscope=\"itemscope\" itemtype=\"https:\/\/schema.org\/ImageObject\" ><div class=\"avia-image-container-inner\"><div class=\"avia-image-overlay-wrap\"><a href=\"tel:677344173\" class='avia_image' ><img decoding=\"async\" class='wp-image-99 avia-img-lazy-loading-not-99 avia_image' src=\"https:\/\/www.rosreformas.com\/wp-content\/uploads\/2017\/05\/qr_ros.png\" alt='' title='qr_ros'  height=\"348\" width=\"348\"  itemprop=\"thumbnailUrl\" srcset=\"https:\/\/www.rosreformas.com\/wp-content\/uploads\/2017\/05\/qr_ros.png 348w, https:\/\/www.rosreformas.com\/wp-content\/uploads\/2017\/05\/qr_ros-80x80.png 80w, https:\/\/www.rosreformas.com\/wp-content\/uploads\/2017\/05\/qr_ros-300x300.png 300w, https:\/\/www.rosreformas.com\/wp-content\/uploads\/2017\/05\/qr_ros-36x36.png 36w, https:\/\/www.rosreformas.com\/wp-content\/uploads\/2017\/05\/qr_ros-180x180.png 180w, https:\/\/www.rosreformas.com\/wp-content\/uploads\/2017\/05\/qr_ros-120x120.png 120w\" sizes=\"(max-width: 348px) 100vw, 348px\" \/><\/a><\/div><\/div><\/div><\/p><\/div>\n<style type=\"text\/css\" data-created_by=\"avia_inline_auto\" id=\"style-css-av-4jefe-2bb0b320c5b5722189ab977bd8cb8aa5\">\n.flex_column.av-4jefe-2bb0b320c5b5722189ab977bd8cb8aa5{\nborder-radius:0px 0px 0px 0px;\n-webkit-border-radius:0px 0px 0px 0px;\n-moz-border-radius:0px 0px 0px 0px;\n}\n<\/style>\n<div class='flex_column av-4jefe-2bb0b320c5b5722189ab977bd8cb8aa5 av_one_third  avia-builder-el-7  el_after_av_one_third  avia-builder-el-last  flex_column_div av-zero-column-padding'   ><p>\n<style type=\"text\/css\" data-created_by=\"avia_inline_auto\" id=\"style-css-av-3qaa2-d49dfc7cdc425f8e3b9830f67140c0da\">\n#top .av-special-heading.av-3qaa2-d49dfc7cdc425f8e3b9830f67140c0da{\npadding-bottom:10px;\n}\nbody .av-special-heading.av-3qaa2-d49dfc7cdc425f8e3b9830f67140c0da .av-special-heading-tag .heading-char{\nfont-size:25px;\n}\n.av-special-heading.av-3qaa2-d49dfc7cdc425f8e3b9830f67140c0da .av-subheading{\nfont-size:15px;\n}\n<\/style>\n<div  class='av-special-heading av-3qaa2-d49dfc7cdc425f8e3b9830f67140c0da av-special-heading-h3  avia-builder-el-8  el_before_av_contact  avia-builder-el-first'><h3 class='av-special-heading-tag'  itemprop=\"headline\"  >Formulario<\/h3><div class=\"special-heading-border\"><div class=\"special-heading-inner-border\"><\/div><\/div><\/div><br \/>\n<form action=\"https:\/\/www.rosreformas.com\/en\/contacto\/\" method=\"post\"  class=\"avia_ajax_form av-form-labels-hidden   avia-builder-el-9  el_after_av_heading  avia-builder-el-last  av-centered-form  av-custom-form-color av-dark-form\" data-avia-form-id=\"1\" data-avia-redirect='' data-trp-original-action=\"https:\/\/www.rosreformas.com\/en\/contacto\/\" ><fieldset><p class='first_form  form_element form_fullwidth' id='element_avia_1_1'><label for=\"avia_1_1\">Nombre <abbr class=\"required\" title=\"required\">*<\/abbr><\/label> <input name=\"avia_1_1\" class=\"text_input is_empty\" type=\"text\" id=\"avia_1_1\" value=\"\"  placeholder='Nombre*'\/><\/p><p class='first_form  form_element form_fullwidth' id='element_avia_2_1'><label for=\"avia_2_1\">Correo electr\u00f3nico <abbr class=\"required\" title=\"required\">*<\/abbr><\/label> <input name=\"avia_2_1\" class=\"text_input is_email\" type=\"text\" id=\"avia_2_1\" value=\"\"  placeholder='Correo electr\u00f3nico*'\/><\/p><p class='first_form  form_element form_fullwidth' id='element_avia_3_1'><label for=\"avia_3_1\">Asunto <abbr class=\"required\" title=\"required\">*<\/abbr><\/label> <input name=\"avia_3_1\" class=\"text_input is_empty\" type=\"text\" id=\"avia_3_1\" value=\"\"  placeholder='Asunto*'\/><\/p><p class='first_form  form_element form_fullwidth' id='element_avia_4_1'><label for=\"avia_4_1\" class=\"textare_label hidden textare_label_avia_4_1\">Mensaje <abbr class=\"required\" title=\"required\">*<\/abbr><\/label><textarea  placeholder='Mensaje*' name=\"avia_4_1\" class=\"text_area is_empty\" cols=\"40\" rows=\"7\" id=\"avia_4_1\" ><\/textarea><\/p><div id='avia_5_1' class='av-form-text'><\/p>\n<p style=\"text-align: justify;\">De conformidad con Reglamento General de Protecci\u00f3n de Datos (en adelante, RGPD), y de acuerdo a la Ley Org\u00e1nica 3\/2018, de 5 de diciembre, de Protecci\u00f3n de Datos Personales y garant\u00eda de los derechos digitales, Vd. da su consentimiento para el tratamiento de los datos personales aportados a trav\u00e9s de su petici\u00f3n. Estos ser\u00e1n incorporados al fichero correspondiente titularidad de Ros Reformas 2000 SL, inscrito en el Registro de Actividades de Tratamiento. Sus datos ser\u00e1n utilizados en la gesti\u00f3n administrativa y comercial de su petici\u00f3n y de nuestra eventual relaci\u00f3n contractual y no ser\u00e1n cedidos a terceros, salvo obligaci\u00f3n legal. Le informamos que podr\u00e1 ejercer los derechos establecidos en RGPD: Derecho a solicitar el acceso a los datos personales relativos al interesado, a solicitar su rectificaci\u00f3n o supresi\u00f3n, a solicitar la limitaci\u00f3n de su tratamiento, a oponerse al tratamiento y a la portabilidad de los datos; a trav\u00e9s de correo electr\u00f3nico en info@rosreformas.com. Puede consultar la informaci\u00f3n adicional y detallada sobre Protecci\u00f3n de Datos solicitando documento informativo detallado que se encuentra a su disposici\u00f3n. As\u00ed mismo, y especialmente si considera que no ha obtenido satisfacci\u00f3n plena en el ejercicio de sus derechos, podr\u00e1 presentar una reclamaci\u00f3n ante la autoridad nacional de control dirigi\u00e9ndose a estos efectos a la Agencia Espa\u00f1ola de Protecci\u00f3n de Datos, C\/ Jorge Juan, 6 \u2013 28001 Madrid.<\/p>\n<p>\n<\/div><p class='first_form  form_element form_fullwidth av-last-visible-form-element' id='element_avia_6_1'><input  name=\"avia_6_1\" class=\"input_checkbox is_empty\" type=\"checkbox\" id=\"avia_6_1\" value=\"true\"\/><label class=\"input_checkbox_label\" for=\"avia_6_1\">Consentimiento tratamiento de datos <abbr class=\"required\" title=\"required\">*<\/abbr><\/label><\/p><p class=\"hidden\"><input type=\"text\" name=\"avia_7_1\" class=\"hidden\" id=\"avia_7_1\" value=\"\" \/><\/p><p class=\"form_element\"><input type=\"hidden\" value=\"1\" name=\"avia_generated_form1\" \/><input type=\"submit\" value=\"Enviar\" class=\"button\"  data-sending-label=\"Sending\"\/><\/p><\/fieldset><input type=\"hidden\" name=\"trp-form-language\" value=\"en\"\/><\/form><div id=\"ajaxresponse_1\" class=\"ajaxresponse ajaxresponse_1 hidden\"><\/div><\/p><\/div><\/div><\/div><\/div><!-- close content main div --><\/div><\/div><div id='after_section_1'  class='main_color av_default_container_wrap container_wrap sidebar_right'  ><div class='container av-section-cont-open' ><div class='template-page content  av-content-small alpha units'><div class='post-entry post-entry-type-page post-entry-26'><div class='entry-content-wrapper clearfix'>","protected":false},"excerpt":{"rendered":"","protected":false},"author":1,"featured_media":0,"parent":0,"menu_order":0,"comment_status":"closed","ping_status":"closed","template":"","meta":{"footnotes":""},"class_list":["post-26","page","type-page","status-publish","hentry"],"_links":{"self":[{"href":"https:\/\/www.rosreformas.com\/en\/wp-json\/wp\/v2\/pages\/26","targetHints":{"allow":["GET"]}}],"collection":[{"href":"https:\/\/www.rosreformas.com\/en\/wp-json\/wp\/v2\/pages"}],"about":[{"href":"https:\/\/www.rosreformas.com\/en\/wp-json\/wp\/v2\/types\/page"}],"author":[{"embeddable":true,"href":"https:\/\/www.rosreformas.com\/en\/wp-json\/wp\/v2\/users\/1"}],"replies":[{"embeddable":true,"href":"https:\/\/www.rosreformas.com\/en\/wp-json\/wp\/v2\/comments?post=26"}],"version-history":[{"count":5,"href":"https:\/\/www.rosreformas.com\/en\/wp-json\/wp\/v2\/pages\/26\/revisions"}],"predecessor-version":[{"id":144,"href":"https:\/\/www.rosreformas.com\/en\/wp-json\/wp\/v2\/pages\/26\/revisions\/144"}],"wp:attachment":[{"href":"https:\/\/www.rosreformas.com\/en\/wp-json\/wp\/v2\/media?parent=26"}],"curies":[{"name":"wp","href":"https:\/\/api.w.org\/{rel}","templated":true}]}}