{"id":22,"date":"2017-05-09T14:31:28","date_gmt":"2017-05-09T14:31:28","guid":{"rendered":"https:\/\/www.rosreformas.com\/?page_id=22"},"modified":"2017-05-29T22:53:14","modified_gmt":"2017-05-29T22:53:14","slug":"servicios","status":"publish","type":"page","link":"https:\/\/www.rosreformas.com\/en\/servicios\/","title":{"rendered":"Servicios"},"content":{"rendered":"<div id='full_slider_1'  class='avia-fullwidth-slider main_color avia-shadow   avia-builder-el-0  el_before_av_section  avia-builder-el-first   container_wrap sidebar_right'  ><div  class='avia-slideshow av-av_slideshow_full-ca9aa842821e3a17b01b4e99e5d40465 av-control-default avia-slideshow-no scaling av_slideshow_full avia-slide-slider av-default-height-applied   avia-slideshow-1'  data-size='no scaling'  data-lightbox_size='large'  data-animation='slide'  data-conditional_play=''  data-ids='58'  data-video_counter='0'  data-autoplay='false'  data-bg_slider='false'  data-slide_height=''  data-handle='av_slideshow_full'  data-interval='5'  data-class=''  data-extra_class=' '  data-el_id=''  data-css_id=''  data-scroll_down=''  data-control_layout='av-control-default'  data-custom_markup=''  data-perma_caption=''  data-autoplay_stopper=''  data-image_attachment=''  data-min_height='0px'  data-lazy_loading='disabled'  data-default-height='20.833333333333'  data-stretch=''  data-src=''  data-position='top left'  data-repeat='no-repeat'  data-attach='scroll'  data-img_scrset=''  data-av-desktop-hide=''  data-av-medium-hide=''  data-av-small-hide=''  data-av-mini-hide=''  data-id=''  data-custom_class=''  data-template_class=''  data-av_uid=''  data-sc_version='1.0'  data-heading_tag=''  data-heading_class=''   itemprop=\"image\" itemscope=\"itemscope\" itemtype=\"https:\/\/schema.org\/ImageObject\" ><ul class='avia-slideshow-inner' style='padding-bottom: 20.833333333333%;'><li  class='avia-slideshow-slide av-av_slideshow_full-ca9aa842821e3a17b01b4e99e5d40465__0  av-single-slide slide-1' ><div data-rel='slideshow-1' class='avia-slide-wrap'   ><img decoding=\"async\" class=\"wp-image-58 avia-img-lazy-loading-not-58\"  src=\"https:\/\/www.rosreformas.com\/wp-content\/uploads\/2017\/05\/cabServicios.png\" width=\"1920\" height=\"400\" title='cabServicios' alt=''  itemprop=\"thumbnailUrl\" srcset=\"https:\/\/www.rosreformas.com\/wp-content\/uploads\/2017\/05\/cabServicios.png 1920w, https:\/\/www.rosreformas.com\/wp-content\/uploads\/2017\/05\/cabServicios-300x63.png 300w, https:\/\/www.rosreformas.com\/wp-content\/uploads\/2017\/05\/cabServicios-768x160.png 768w, https:\/\/www.rosreformas.com\/wp-content\/uploads\/2017\/05\/cabServicios-1030x215.png 1030w, https:\/\/www.rosreformas.com\/wp-content\/uploads\/2017\/05\/cabServicios-1500x313.png 1500w, https:\/\/www.rosreformas.com\/wp-content\/uploads\/2017\/05\/cabServicios-705x147.png 705w, https:\/\/www.rosreformas.com\/wp-content\/uploads\/2017\/05\/cabServicios-450x94.png 450w\" sizes=\"(max-width: 1920px) 100vw, 1920px\" \/><\/div><\/li><\/ul><\/div><\/div>\n<div id='av_section_1'  class='avia-section av-av_section-31779286dc2676a8567fef3678c764df main_color avia-section-default avia-no-shadow  avia-builder-el-1  el_after_av_slideshow_full  el_before_av_masonry_entries  avia-bg-style-scroll container_wrap sidebar_right'  ><div class='container av-section-cont-open' ><div class='template-page content  av-content-small alpha units'><div class='post-entry post-entry-type-page post-entry-22'><div class='entry-content-wrapper clearfix'>\n<section  class='av_textblock_section av-av_textblock-396ddf1f42196ca838231e61a4602801'  itemscope=\"itemscope\" itemtype=\"https:\/\/schema.org\/CreativeWork\" ><div class='avia_textblock'  itemprop=\"text\" ><blockquote>\n<p><strong>Reformas ROS<\/strong> se fund\u00f3 con el fin de que nuestros clientes pudieran obtener un servicio integral y adaptado a sus necesidades. Desde nuestros comienzos, hemos buscado siempre la m\u00e1xima eficacia y excelencia en todos nuestros proyectos. A d\u00eda de hoy, gracias a los grandes profesionales que nos acompa\u00f1an y a la confianza que depositan nuestros clientes en nosotros, seguimos trabajando para cumplir tus sue\u00f1os.<\/p>\n<\/blockquote>\n<\/div><\/section>\n\n<div id='av-masonry-1' class='av-masonry av-av_masonry_entries-57948bfd1537c73e335d7686389385f3 noHover av-fixed-size av-no-gap av-hover-overlay-active av-masonry-animation-active av-masonry-col-3 av-caption-always av-caption-style-overlay av-masonry-entries'><div class=\"av-masonry-container isotope av-js-disabled\"><div class='av-masonry-entry isotope-item av-masonry-item-no-image all_sort servicios_sort'><\/div><a href=\"https:\/\/www.rosreformas.com\/en\/portfolio-item\/reforma-integral\/\"  id='av-masonry-1-item-76' data-av-masonry-item='76' class='av-masonry-entry isotope-item post-76 portfolio type-portfolio status-publish has-post-thumbnail hentry portfolio_entries-servicios all_sort servicios_sort  av-masonry-item-with-image av-grid-img' title=\"integral500\"  itemscope=\"itemscope\" itemtype=\"https:\/\/schema.org\/CreativeWork\" ><div class='av-inner-masonry-sizer'><\/div><figure class='av-inner-masonry main_color'><div class=\"av-masonry-outerimage-container\"><div class='av-masonry-image-container' style=\"background-image: url(https:\/\/www.rosreformas.com\/wp-content\/uploads\/2017\/05\/integral500.jpg);\"  title=\"integral500\"  ><\/div><\/div><figcaption class='av-inner-masonry-content site-background'><div class='av-inner-masonry-content-pos'><div class='av-inner-masonry-content-pos-content'><div class='avia-arrow'><\/div><h3 class='av-masonry-entry-title entry-title'  itemprop=\"headline\" >Reforma Integral<\/h3><\/div><\/div><\/figcaption><\/figure><\/a><!--end av-masonry entry--><a href=\"https:\/\/www.rosreformas.com\/en\/portfolio-item\/reforma-tu-bano\/\"  id='av-masonry-1-item-80' data-av-masonry-item='80' class='av-masonry-entry isotope-item post-80 portfolio type-portfolio status-publish has-post-thumbnail hentry portfolio_entries-servicios all_sort servicios_sort  av-masonry-item-with-image av-grid-img' title=\"Reforma tu ba\u00f1o\"  itemscope=\"itemscope\" itemtype=\"https:\/\/schema.org\/CreativeWork\" ><div class='av-inner-masonry-sizer'><\/div><figure class='av-inner-masonry main_color'><div class=\"av-masonry-outerimage-container\"><div class='av-masonry-image-container' style=\"background-image: url(https:\/\/www.rosreformas.com\/wp-content\/uploads\/2017\/05\/aseos500.jpg);\"  title=\"Reforma tu ba\u00f1o\"   alt=\"Reforma tu ba\u00f1o\" ><\/div><\/div><figcaption class='av-inner-masonry-content site-background'><div class='av-inner-masonry-content-pos'><div class='av-inner-masonry-content-pos-content'><div class='avia-arrow'><\/div><h3 class='av-masonry-entry-title entry-title'  itemprop=\"headline\" >Reforma tu ba\u00f1o<\/h3><\/div><\/div><\/figcaption><\/figure><\/a><!--end av-masonry entry--><a href=\"https:\/\/www.rosreformas.com\/en\/portfolio-item\/reforma-tu-cocina\/\"  id='av-masonry-1-item-82' data-av-masonry-item='82' class='av-masonry-entry isotope-item post-82 portfolio type-portfolio status-publish has-post-thumbnail hentry portfolio_entries-servicios all_sort servicios_sort  av-masonry-item-with-image av-grid-img' title=\"Reforma tu cocina\"  itemscope=\"itemscope\" itemtype=\"https:\/\/schema.org\/CreativeWork\" ><div class='av-inner-masonry-sizer'><\/div><figure class='av-inner-masonry main_color'><div class=\"av-masonry-outerimage-container\"><div class='av-masonry-image-container' style=\"background-image: url(https:\/\/www.rosreformas.com\/wp-content\/uploads\/2017\/05\/cocina500.jpg);\"  title=\"Reforma tu cocina\"   alt=\"Reforma tu cocina\" ><\/div><\/div><figcaption class='av-inner-masonry-content site-background'><div class='av-inner-masonry-content-pos'><div class='av-inner-masonry-content-pos-content'><div class='avia-arrow'><\/div><h3 class='av-masonry-entry-title entry-title'  itemprop=\"headline\" >Reforma tu cocina<\/h3><\/div><\/div><\/figcaption><\/figure><\/a><!--end av-masonry entry--><a href=\"https:\/\/www.rosreformas.com\/en\/portfolio-item\/reforma-tu-local\/\"  id='av-masonry-1-item-85' data-av-masonry-item='85' class='av-masonry-entry isotope-item post-85 portfolio type-portfolio status-publish has-post-thumbnail hentry portfolio_entries-servicios all_sort servicios_sort  av-masonry-item-with-image av-grid-img' title=\"Reforma tu local\"  itemscope=\"itemscope\" itemtype=\"https:\/\/schema.org\/CreativeWork\" ><div class='av-inner-masonry-sizer'><\/div><figure class='av-inner-masonry main_color'><div class=\"av-masonry-outerimage-container\"><div class='av-masonry-image-container' style=\"background-image: url(https:\/\/www.rosreformas.com\/wp-content\/uploads\/2017\/05\/comercio500.jpg);\"  title=\"Reforma tu local\"   alt=\"Reforma tu local\" ><\/div><\/div><figcaption class='av-inner-masonry-content site-background'><div class='av-inner-masonry-content-pos'><div class='av-inner-masonry-content-pos-content'><div class='avia-arrow'><\/div><h3 class='av-masonry-entry-title entry-title'  itemprop=\"headline\" >Reforma tu local<\/h3><\/div><\/div><\/figcaption><\/figure><\/a><!--end av-masonry entry--><a href=\"https:\/\/www.rosreformas.com\/en\/portfolio-item\/fontaneria-y-electricidad\/\"  id='av-masonry-1-item-87' data-av-masonry-item='87' class='av-masonry-entry isotope-item post-87 portfolio type-portfolio status-publish has-post-thumbnail hentry portfolio_entries-servicios all_sort servicios_sort  av-masonry-item-with-image av-grid-img' title=\"Fontaner\u00eda y electricidad\"  itemscope=\"itemscope\" itemtype=\"https:\/\/schema.org\/CreativeWork\" ><div class='av-inner-masonry-sizer'><\/div><figure class='av-inner-masonry main_color'><div class=\"av-masonry-outerimage-container\"><div class='av-masonry-image-container' style=\"background-image: url(https:\/\/www.rosreformas.com\/wp-content\/uploads\/2017\/05\/fontaneria.jpg);\"  title=\"Fontaner\u00eda y electricidad\"   alt=\"Fontaner\u00eda y electricidad\" ><\/div><\/div><figcaption class='av-inner-masonry-content site-background'><div class='av-inner-masonry-content-pos'><div class='av-inner-masonry-content-pos-content'><div class='avia-arrow'><\/div><h3 class='av-masonry-entry-title entry-title'  itemprop=\"headline\" >Fontaner\u00eda y electricidad<\/h3><\/div><\/div><\/figcaption><\/figure><\/a><!--end av-masonry entry--><a href=\"https:\/\/www.rosreformas.com\/en\/portfolio-item\/climatiza-tu-espacio\/\"  id='av-masonry-1-item-89' data-av-masonry-item='89' class='av-masonry-entry isotope-item post-89 portfolio type-portfolio status-publish has-post-thumbnail hentry portfolio_entries-servicios all_sort servicios_sort  av-masonry-item-with-image av-grid-img' title=\"Climatiza tu espacio\"  itemscope=\"itemscope\" itemtype=\"https:\/\/schema.org\/CreativeWork\" ><div class='av-inner-masonry-sizer'><\/div><figure class='av-inner-masonry main_color'><div class=\"av-masonry-outerimage-container\"><div class='av-masonry-image-container' style=\"background-image: url(https:\/\/www.rosreformas.com\/wp-content\/uploads\/2017\/05\/climatizacion500.jpg);\"  title=\"Climatiza tu espacio\"   alt=\"Climatiza tu espacio\" ><\/div><\/div><figcaption class='av-inner-masonry-content site-background'><div class='av-inner-masonry-content-pos'><div class='av-inner-masonry-content-pos-content'><div class='avia-arrow'><\/div><h3 class='av-masonry-entry-title entry-title'  itemprop=\"headline\" >Climatiza tu espacio<\/h3><\/div><\/div><\/figcaption><\/figure><\/a><!--end av-masonry entry--><\/div><\/div>","protected":false},"excerpt":{"rendered":"","protected":false},"author":1,"featured_media":0,"parent":0,"menu_order":0,"comment_status":"closed","ping_status":"closed","template":"","meta":{"footnotes":""},"class_list":["post-22","page","type-page","status-publish","hentry"],"_links":{"self":[{"href":"https:\/\/www.rosreformas.com\/en\/wp-json\/wp\/v2\/pages\/22","targetHints":{"allow":["GET"]}}],"collection":[{"href":"https:\/\/www.rosreformas.com\/en\/wp-json\/wp\/v2\/pages"}],"about":[{"href":"https:\/\/www.rosreformas.com\/en\/wp-json\/wp\/v2\/types\/page"}],"author":[{"embeddable":true,"href":"https:\/\/www.rosreformas.com\/en\/wp-json\/wp\/v2\/users\/1"}],"replies":[{"embeddable":true,"href":"https:\/\/www.rosreformas.com\/en\/wp-json\/wp\/v2\/comments?post=22"}],"version-history":[{"count":6,"href":"https:\/\/www.rosreformas.com\/en\/wp-json\/wp\/v2\/pages\/22\/revisions"}],"predecessor-version":[{"id":84,"href":"https:\/\/www.rosreformas.com\/en\/wp-json\/wp\/v2\/pages\/22\/revisions\/84"}],"wp:attachment":[{"href":"https:\/\/www.rosreformas.com\/en\/wp-json\/wp\/v2\/media?parent=22"}],"curies":[{"name":"wp","href":"https:\/\/api.w.org\/{rel}","templated":true}]}}