{"id":20,"date":"2017-05-09T14:31:02","date_gmt":"2017-05-09T14:31:02","guid":{"rendered":"https:\/\/www.rosreformas.com\/?page_id=20"},"modified":"2019-05-23T07:48:25","modified_gmt":"2019-05-23T07:48:25","slug":"sobre-nosotros","status":"publish","type":"page","link":"https:\/\/www.rosreformas.com\/en\/sobre-nosotros\/","title":{"rendered":"Sobre nosotros"},"content":{"rendered":"<div id='full_slider_1'  class='avia-fullwidth-slider main_color avia-shadow   avia-builder-el-0  el_before_av_section  avia-builder-el-first   container_wrap sidebar_right'  ><div  class='avia-slideshow av-av_slideshow_full-ca9aa842821e3a17b01b4e99e5d40465 av-control-default avia-slideshow-no scaling av_slideshow_full avia-slide-slider av-default-height-applied   avia-slideshow-1'  data-size='no scaling'  data-lightbox_size='large'  data-animation='slide'  data-conditional_play=''  data-ids='55'  data-video_counter='0'  data-autoplay='false'  data-bg_slider='false'  data-slide_height=''  data-handle='av_slideshow_full'  data-interval='5'  data-class=''  data-extra_class=' '  data-el_id=''  data-css_id=''  data-scroll_down=''  data-control_layout='av-control-default'  data-custom_markup=''  data-perma_caption=''  data-autoplay_stopper=''  data-image_attachment=''  data-min_height='0px'  data-lazy_loading='disabled'  data-default-height='20.833333333333'  data-stretch=''  data-src=''  data-position='top left'  data-repeat='no-repeat'  data-attach='scroll'  data-img_scrset=''  data-av-desktop-hide=''  data-av-medium-hide=''  data-av-small-hide=''  data-av-mini-hide=''  data-id=''  data-custom_class=''  data-template_class=''  data-av_uid=''  data-sc_version='1.0'  data-heading_tag=''  data-heading_class=''   itemprop=\"image\" itemscope=\"itemscope\" itemtype=\"https:\/\/schema.org\/ImageObject\" ><ul class='avia-slideshow-inner' style='padding-bottom: 20.833333333333%;'><li  class='avia-slideshow-slide av-av_slideshow_full-ca9aa842821e3a17b01b4e99e5d40465__0  av-single-slide slide-1' ><div data-rel='slideshow-1' class='avia-slide-wrap'   ><img decoding=\"async\" class=\"wp-image-55 avia-img-lazy-loading-not-55\"  src=\"https:\/\/www.rosreformas.com\/wp-content\/uploads\/2017\/05\/cab_nosotros.png\" width=\"1920\" height=\"400\" title='cab_nosotros' alt=''  itemprop=\"thumbnailUrl\" srcset=\"https:\/\/www.rosreformas.com\/wp-content\/uploads\/2017\/05\/cab_nosotros.png 1920w, https:\/\/www.rosreformas.com\/wp-content\/uploads\/2017\/05\/cab_nosotros-300x63.png 300w, https:\/\/www.rosreformas.com\/wp-content\/uploads\/2017\/05\/cab_nosotros-768x160.png 768w, https:\/\/www.rosreformas.com\/wp-content\/uploads\/2017\/05\/cab_nosotros-1030x215.png 1030w, https:\/\/www.rosreformas.com\/wp-content\/uploads\/2017\/05\/cab_nosotros-1500x313.png 1500w, https:\/\/www.rosreformas.com\/wp-content\/uploads\/2017\/05\/cab_nosotros-705x147.png 705w, https:\/\/www.rosreformas.com\/wp-content\/uploads\/2017\/05\/cab_nosotros-450x94.png 450w\" sizes=\"(max-width: 1920px) 100vw, 1920px\" \/><\/div><\/li><\/ul><\/div><\/div>\n\n<style type=\"text\/css\" data-created_by=\"avia_inline_auto\" id=\"style-css-av-av_section-49a71b77622dce7cdaeb983e798795df\">\n.avia-section.av-av_section-49a71b77622dce7cdaeb983e798795df{\nbackground-repeat:no-repeat;\nbackground-image:url(https:\/\/www.rosreformas.com\/wp-content\/uploads\/2017\/05\/Nivel.jpg);\nbackground-position:100% 50%;\nbackground-attachment:fixed;\n}\n.avia-section.av-av_section-49a71b77622dce7cdaeb983e798795df .av-section-color-overlay{\nopacity:0.7;\nbackground-color:#ffffff;\n}\n<\/style>\n<div id='av_section_1'  class='avia-section av-av_section-49a71b77622dce7cdaeb983e798795df main_color avia-section-default avia-no-shadow  avia-builder-el-1  el_after_av_slideshow_full  el_before_av_section  avia-bg-style-fixed av-section-color-overlay-active container_wrap sidebar_right'  data-section-bg-repeat='no-repeat'><div class=\"av-section-color-overlay-wrap\"><div class=\"av-section-color-overlay\"><\/div><div class='container av-section-cont-open' ><div class='template-page content  av-content-small alpha units'><div class='post-entry post-entry-type-page post-entry-20'><div class='entry-content-wrapper clearfix'>\n\n<style type=\"text\/css\" data-created_by=\"avia_inline_auto\" id=\"style-css-av-av_three_fifth-6126cab7d8fab8d08143dd2dacdf673c\">\n.flex_column.av-av_three_fifth-6126cab7d8fab8d08143dd2dacdf673c{\nborder-radius:0px 0px 0px 0px;\n-webkit-border-radius:0px 0px 0px 0px;\n-moz-border-radius:0px 0px 0px 0px;\n}\n<\/style>\n<div class='flex_column av-av_three_fifth-6126cab7d8fab8d08143dd2dacdf673c av_three_fifth  avia-builder-el-2  el_before_av_two_fifth  avia-builder-el-first  first flex_column_div av-zero-column-padding'   ><p>\n<style type=\"text\/css\" data-created_by=\"avia_inline_auto\" id=\"style-css-av-av_heading-565c83f9ee96038758c36f6e8da0fe3d\">\n#top .av-special-heading.av-av_heading-565c83f9ee96038758c36f6e8da0fe3d{\npadding-bottom:10px;\n}\nbody .av-special-heading.av-av_heading-565c83f9ee96038758c36f6e8da0fe3d .av-special-heading-tag .heading-char{\nfont-size:25px;\n}\n.av-special-heading.av-av_heading-565c83f9ee96038758c36f6e8da0fe3d .av-subheading{\nfont-size:15px;\n}\n<\/style>\n<div  class='av-special-heading av-av_heading-565c83f9ee96038758c36f6e8da0fe3d av-special-heading-h2  avia-builder-el-3  el_before_av_textblock  avia-builder-el-first'><h2 class='av-special-heading-tag'  itemprop=\"headline\"  >Reformas ROS<\/h2><div class=\"special-heading-border\"><div class=\"special-heading-inner-border\"><\/div><\/div><\/div><br \/>\n<section  class='av_textblock_section av-av_textblock-396ddf1f42196ca838231e61a4602801'  itemscope=\"itemscope\" itemtype=\"https:\/\/schema.org\/CreativeWork\" ><div class='avia_textblock'  itemprop=\"text\" ><p>Con un compromiso inigualable con la calidad y los m\u00e1s altos niveles de servicio, <strong>Reformas ROS<\/strong> es una empresa de servicios completo para la reforma integral o parcial para el hogar. Somos una empresa diferente que rompe con la degradada imagen de la reforma, aportamos al cliente m\u00e1xima transparencia, seriedad y calidad, ofreciendo una experiencia innovadora en todo el proceso constructivo.<\/p>\n<p>Formamos un equipo profesionales multidisciplinares, con una amplia experiencia en sector de la construcci\u00f3n y especialmente en la rehabilitaci\u00f3n de viviendas.<\/p>\n<blockquote>\n<p>Creemos que cada proyecto merece una atenci\u00f3n \u00fanica.<\/p>\n<\/blockquote>\n<p>Estamos comprometidos con tu SATISFACCI\u00d3N. Danos la oportunidad y te demostraremos por qu\u00e9 puede confiar en nosotros.<\/p>\n<\/div><\/section><br \/>\n\n<style type=\"text\/css\" data-created_by=\"avia_inline_auto\" id=\"style-css-av-av_heading-1752b26463eb3cbc4918953ef71f4276\">\n#top .av-special-heading.av-av_heading-1752b26463eb3cbc4918953ef71f4276{\npadding-bottom:10px;\n}\nbody .av-special-heading.av-av_heading-1752b26463eb3cbc4918953ef71f4276 .av-special-heading-tag .heading-char{\nfont-size:25px;\n}\n.av-special-heading.av-av_heading-1752b26463eb3cbc4918953ef71f4276 .av-subheading{\nfont-size:15px;\n}\n<\/style>\n<div  class='av-special-heading av-av_heading-1752b26463eb3cbc4918953ef71f4276 av-special-heading-h3  avia-builder-el-5  el_after_av_textblock  el_before_av_textblock'><h3 class='av-special-heading-tag'  itemprop=\"headline\"  >Valor a\u00f1adido<\/h3><div class=\"special-heading-border\"><div class=\"special-heading-inner-border\"><\/div><\/div><\/div><br \/>\n<section  class='av_textblock_section av-av_textblock-396ddf1f42196ca838231e61a4602801'  itemscope=\"itemscope\" itemtype=\"https:\/\/schema.org\/CreativeWork\" ><div class='avia_textblock'  itemprop=\"text\" ><ul>\n<li><strong>Presupuesto y asesoramiento gratuito<\/strong>: nos desplazamos gratuitamente y sin compromiso hasta tu domicilio. A continuaci\u00f3n tomamos las mediciones necesarias para la realizaci\u00f3n del presupuesto y te facilitamos un asesoramiento personalizado de las obras a realizar.<\/li>\n<li><strong>La mayor calidad al mejor precio<\/strong>: estamos seguros de ofrecerte un servicio de primer nivel sin por ello incrementar el coste. La exhaustiva selecci\u00f3n de nuestros profesionales y proveedores te garantizan la mejor calidad del trabajo y de los materiales utilizados.<\/li>\n<li><strong>Servicio integral<\/strong>: Nos ocupamos de todo, para que no te preocupes de nada. Nuestro servicio es completo, desde el inicio, con la solicitud de licencias y tr\u00e1mites previos, pasando por el levantamiento de planos , infograf\u00edas, ejecuci\u00f3n y decoraci\u00f3n , hasta la entrega, a trav\u00e9s del asesoramiento y contacto con nuestro personal. <a href=\"https:\/\/www.rosreformas.com\/en\/presupuesto\/\">Solicita sin compromiso tu presupuesto<\/a>.<\/li>\n<li><strong>Personal profesional y autorizado<\/strong>: los mejores profesionales, especialistas en cada oficio, garantizan la calidad de nuestro trabajo.<\/li>\n<li><strong>Garant\u00eda de calidad<\/strong>: Te sentir\u00e1s c\u00f3modo y seguro, sin asumir ning\u00fan tipo de riesgo. La experiencia y el rigor de nuestra empresa est\u00e1n ampliamente reconocidas.<\/li>\n<li><strong>Referencias de obras<\/strong>: podr\u00e1 ver los trabajos realizados recientemente con el objetivo de comprobar la calidad de los mismos y de mostrarte los diferentes productos.<\/li>\n<li><strong>Precio cerrado<\/strong>: abonar\u00e1s exclusivamente la cantidad total que figure en el presupuesto. (A excepci\u00f3n de que desee la utilizaci\u00f3n de otras calidades de materiales y\/o la realizaci\u00f3n de trabajos a\u00f1adidos a los citados en el presupuesto).<\/li>\n<\/ul>\n<\/div><\/section><\/p><\/div>\n<style type=\"text\/css\" data-created_by=\"avia_inline_auto\" id=\"style-css-av-av_two_fifth-0aa7055fe62c3622faec82866afbaeb2\">\n.flex_column.av-av_two_fifth-0aa7055fe62c3622faec82866afbaeb2{\nborder-radius:0px 0px 0px 0px;\n-webkit-border-radius:0px 0px 0px 0px;\n-moz-border-radius:0px 0px 0px 0px;\n}\n<\/style>\n<div class='flex_column av-av_two_fifth-0aa7055fe62c3622faec82866afbaeb2 av_two_fifth  avia-builder-el-7  el_after_av_three_fifth  avia-builder-el-last  flex_column_div av-zero-column-padding'   ><p>\n<style type=\"text\/css\" data-created_by=\"avia_inline_auto\" id=\"style-css-av-av_heading-648d7ce18787375416ceea8bdfaa20e3\">\n#top .av-special-heading.av-av_heading-648d7ce18787375416ceea8bdfaa20e3{\npadding-bottom:10px;\n}\nbody .av-special-heading.av-av_heading-648d7ce18787375416ceea8bdfaa20e3 .av-special-heading-tag .heading-char{\nfont-size:25px;\n}\n.av-special-heading.av-av_heading-648d7ce18787375416ceea8bdfaa20e3 .av-subheading{\nfont-size:15px;\n}\n<\/style>\n<div  class='av-special-heading av-av_heading-648d7ce18787375416ceea8bdfaa20e3 av-special-heading-h3  avia-builder-el-8  el_before_av_iconlist  avia-builder-el-first'><h3 class='av-special-heading-tag'  itemprop=\"headline\"  >Nuestro m\u00e9todo<\/h3><div class=\"special-heading-border\"><div class=\"special-heading-inner-border\"><\/div><\/div><\/div><br \/>\n<div  class='avia-icon-list-container av-av_iconlist-6f42dbbc5ffb1cc2e133a223b9c55fcd  avia-builder-el-9  el_after_av_heading  avia-builder-el-last'><ul class='avia-icon-list avia_animate_when_almost_visible avia-icon-list-left av-iconlist-big av-av_iconlist-6f42dbbc5ffb1cc2e133a223b9c55fcd avia-iconlist-animate'>\n<li><div class='iconlist_icon av-av_iconlist_item-0f97484e2fc9fd87b5289462a444af85 avia-font-entypo-fontello'><span class='iconlist-char' aria-hidden='true' data-av_icon='\ue856' data-av_iconfont='entypo-fontello'><\/span><\/div><article class=\"article-icon-entry\"  itemscope=\"itemscope\" itemtype=\"https:\/\/schema.org\/CreativeWork\" ><div class=\"iconlist_content_wrap\"><header class=\"entry-content-header\"><h4 class='av_iconlist_title iconlist_title'  itemprop=\"headline\" >Materiales<\/h4><\/header><div class='iconlist_content'  itemprop=\"text\" ><p>En <strong>Reformas ROS<\/strong> prestamos especial atenci\u00f3n a los peque\u00f1os detalles porque sabemos que un buen acabado da como resultado una aut\u00e9ntica obra maestra. Por este motivo, en nos preocupamos por los materiales. Uno de los secretos de nuestro \u00e9xito es el uso de los materiales m\u00e1s adecuados para cada tipo de proyecto.<\/p>\n<\/div><\/div><footer class=\"entry-footer\"><\/footer><\/article><div class=\"iconlist-timeline\"><\/div><\/li>\n<li><div class='iconlist_icon av-av_iconlist_item-ef58685ea683dd2b4d088ea03cc50ca9 avia-font-entypo-fontello'><span class='iconlist-char' aria-hidden='true' data-av_icon='\ue80b' data-av_iconfont='entypo-fontello'><\/span><\/div><article class=\"article-icon-entry\"  itemscope=\"itemscope\" itemtype=\"https:\/\/schema.org\/CreativeWork\" ><div class=\"iconlist_content_wrap\"><header class=\"entry-content-header\"><h4 class='av_iconlist_title iconlist_title'  itemprop=\"headline\" >Profesionalidad<\/h4><\/header><div class='iconlist_content'  itemprop=\"text\" ><p>5 son los pilares sobre los que se basa la labor de los profesionales con los que trabaja <strong>Reformas ROS<\/strong>:<\/p>\n<ol>\n<li>El uso de materiales de primera calidad para todos sus proyectos<\/li>\n<li>La m\u00e1xima profesionalidad en todos los trabajos y acabados.<\/li>\n<li>Garant\u00edas sobre las obras. Contamos con seguro de responsabilidad civil y todas nuestras empresas colaboradoras est\u00e1n inscritas en el REA.<\/li>\n<li>Control t\u00e9cnico durante todo el proyecto.<\/li>\n<li>Compromiso de entrega. Siempre cumplimos con \u00e9xito los tiempos establecidos con el cliente.<\/li>\n<\/ol>\n<\/div><\/div><footer class=\"entry-footer\"><\/footer><\/article><div class=\"iconlist-timeline\"><\/div><\/li>\n<li><div class='iconlist_icon av-av_iconlist_item-3f1b8529896516c742a36475a71431e3 avia-font-entypo-fontello'><span class='iconlist-char' aria-hidden='true' data-av_icon='\ue8ba' data-av_iconfont='entypo-fontello'><\/span><\/div><article class=\"article-icon-entry\"  itemscope=\"itemscope\" itemtype=\"https:\/\/schema.org\/CreativeWork\" ><div class=\"iconlist_content_wrap\"><header class=\"entry-content-header\"><h4 class='av_iconlist_title iconlist_title'  itemprop=\"headline\" >Precio<\/h4><\/header><div class='iconlist_content'  itemprop=\"text\" ><p>Te garantizamos siempre y en cualquier proyecto, la mejor relaci\u00f3n calidad-precio. Adem\u00e1s, nos ajustamos a tus necesidades. Nunca gastaremos m\u00e1s de lo establecido y conseguiremos, con la cantidad que puedas invertir, que tu reforma sea un \u00e9xito.<\/p>\n<\/div><\/div><footer class=\"entry-footer\"><\/footer><\/article><div class=\"iconlist-timeline\"><\/div><\/li>\n<\/ul><\/div><\/p><\/div>\n\n<\/div><\/div><\/div><!-- close content main div --><\/div><\/div><\/div><div id='av_section_2'  class='avia-section av-av_section-ebf471208000bd55b022e4a0b2072158 alternate_color avia-section-default avia-no-shadow  avia-builder-el-10  el_after_av_section  avia-builder-el-last  avia-bg-style-scroll container_wrap sidebar_right'  ><div class='container av-section-cont-open' ><div class='template-page content  av-content-small alpha units'><div class='post-entry post-entry-type-page post-entry-20'><div class='entry-content-wrapper clearfix'>\n<section  class='av_textblock_section av-av_textblock-396ddf1f42196ca838231e61a4602801'  itemscope=\"itemscope\" itemtype=\"https:\/\/schema.org\/CreativeWork\" ><div class='avia_textblock'  itemprop=\"text\" ><div class=\"flex_column av_one_third flex_column_table_cell av-equal-height-column av-align-top av-zero-column-padding avia-builder-el-33 el_after_av_one_third el_before_av_one_third\">\n<section class=\"av_textblock_section\">\n<div class=\"avia_textblock\">\n<h2 style=\"text-align: center;\">Contacte con nosotros<\/h2>\n<h1 style=\"text-align: center;\">950 80 51 50<\/h1>\n<\/div>\n<\/section>\n<\/div>\n<\/div><\/section>\n<div  class='avia-button-wrap avia-button-center  avia-builder-el-12  el_after_av_textblock  avia-builder-el-last' ><a href='tel:677344173'  class='avia-button av-av_button-35c5e15343ba734acaaa6edd00a42345 avia-icon_select-yes-left-icon avia-size-x-large avia-position-center avia-color-theme-color' ><span class='avia_button_icon avia_button_icon_left' aria-hidden='true' data-av_icon='\ue854' data-av_iconfont='entypo-fontello'><\/span><span class='avia_iconbox_title' >Llame ahora<\/span><\/a><\/div>\n<\/div><\/div><\/div><!-- close content main div --><\/div><\/div><div id='after_section_2'  class='main_color av_default_container_wrap container_wrap sidebar_right'  ><div class='container av-section-cont-open' ><div class='template-page content  av-content-small alpha units'><div class='post-entry post-entry-type-page post-entry-20'><div class='entry-content-wrapper clearfix'>","protected":false},"excerpt":{"rendered":"","protected":false},"author":1,"featured_media":0,"parent":0,"menu_order":0,"comment_status":"closed","ping_status":"closed","template":"","meta":{"footnotes":""},"class_list":["post-20","page","type-page","status-publish","hentry"],"_links":{"self":[{"href":"https:\/\/www.rosreformas.com\/en\/wp-json\/wp\/v2\/pages\/20","targetHints":{"allow":["GET"]}}],"collection":[{"href":"https:\/\/www.rosreformas.com\/en\/wp-json\/wp\/v2\/pages"}],"about":[{"href":"https:\/\/www.rosreformas.com\/en\/wp-json\/wp\/v2\/types\/page"}],"author":[{"embeddable":true,"href":"https:\/\/www.rosreformas.com\/en\/wp-json\/wp\/v2\/users\/1"}],"replies":[{"embeddable":true,"href":"https:\/\/www.rosreformas.com\/en\/wp-json\/wp\/v2\/comments?post=20"}],"version-history":[{"count":14,"href":"https:\/\/www.rosreformas.com\/en\/wp-json\/wp\/v2\/pages\/20\/revisions"}],"predecessor-version":[{"id":112,"href":"https:\/\/www.rosreformas.com\/en\/wp-json\/wp\/v2\/pages\/20\/revisions\/112"}],"wp:attachment":[{"href":"https:\/\/www.rosreformas.com\/en\/wp-json\/wp\/v2\/media?parent=20"}],"curies":[{"name":"wp","href":"https:\/\/api.w.org\/{rel}","templated":true}]}}