{"id":104,"date":"2017-05-30T06:38:00","date_gmt":"2017-05-30T06:38:00","guid":{"rendered":"https:\/\/www.rosreformas.com\/?page_id=104"},"modified":"2024-05-24T10:48:58","modified_gmt":"2024-05-24T10:48:58","slug":"aviso-legal","status":"publish","type":"page","link":"https:\/\/www.rosreformas.com\/en\/aviso-legal\/","title":{"rendered":"Aviso Legal"},"content":{"rendered":"<div class='flex_column av-av_one_full-a93934ecd89fbb8a9566d39e89cd3725 av_one_full  avia-builder-el-0  avia-builder-el-no-sibling  first flex_column_div'   ><section  class='av_textblock_section av-lwkk77tp-fd53da5ced9221be3046623fa668271d'  itemscope=\"itemscope\" itemtype=\"https:\/\/schema.org\/CreativeWork\" ><div class='avia_textblock'  itemprop=\"text\" ><p><span style=\"color: #006830; font-size: 1.75rem;\"><\/span><\/p>\n<h2 class=\"wp-block-heading\" style=\"text-align: justify;\"><span style=\"color: #006830; font-size: 1.75rem;\">AVISO LEGAL<\/span><\/h2>\n<h2 style=\"text-align: justify; color: #006830;\">Condiciones generales de uso del portal de <strong>ROS REFORMAS 2000 SL<\/strong>.<\/h2>\n<p><span style=\"color: #006830;\"><\/span><\/p>\n<p style=\"text-align: justify;\"><strong>ROS REFORMAS 2000 SL<\/strong> con domicilio social en Carrera del Mam\u00ed n\u00ba 116, 04009 Almer\u00eda (Almer\u00eda), y NIF B04903787 le informa que el acceso y uso de la p\u00e1gina web www.rosreformas.com y todos los subdominios y directorios incluidos bajo la misma, as\u00ed como los servicios o contenidos que a trav\u00e9s de \u00e9l se puedan obtener y todos los portales de dominio propio bajo titularidad de <strong>ROS REFORMAS 2000 SL<\/strong>, est\u00e1n sujetos a los t\u00e9rminos que se detallan en este Aviso Legal, sin perjuicio de que el acceso a alguno de dichos servicios o contenidos pudieran precisar de la aceptaci\u00f3n de unas Condiciones Generales particulares adicionales.<\/p>\n<p style=\"text-align: justify;\">Por ello, si las consideraciones detalladas en este Aviso Legal no son de su conformidad, rogamos no haga uso del Portal, ya que cualquier uso que haga del mismo o de los servicios y contenidos en \u00e9l incluidos implicar\u00e1 la aceptaci\u00f3n de los t\u00e9rminos legales recogidos en este texto.<\/p>\n<p style=\"text-align: justify;\"><strong>ROS REFORMAS 2000 SL<\/strong> se reserva el derecho a realizar cambios en el Portal www.rosreformas.com y en todos los portales web del que es titular sin previo aviso, con el objeto de actualizar, corregir, modificar, a\u00f1adir o eliminar los contenidos del Portal o de su dise\u00f1o. Los contenidos y servicios que ofrecen los Portales se actualizan peri\u00f3dicamente. Debido a que la actualizaci\u00f3n de la informaci\u00f3n no es inmediata, le sugerimos que compruebe siempre la vigencia y exactitud de la informaci\u00f3n, servicios y contenidos recogidos en los mismos.<\/p>\n<p style=\"text-align: justify;\">Las condiciones y t\u00e9rminos que se recogen en el presente Aviso Legal pueden variar, por lo que le invitamos a que revise estos t\u00e9rminos cuando visite de nuevo el Portal.<\/p>\n<p><span style=\"color: #006830;\"><\/p>\n<p><\/span><\/p>\n<h2 style=\"text-align: justify; color: #006830;\">Derechos de propiedad intelectual y de propiedad industrial<\/h2>\n<p><span style=\"color: #006830;\"><!-- \/wp:post-content --><\/span><\/p>\n<p style=\"text-align: justify;\">Las condiciones y t\u00e9rminos que se recogen en el presente Aviso Legal pueden variar, por lo que le invitamos a que revise estos t\u00e9rminos cuando visite de nuevo el Portal.<\/p>\n<p style=\"text-align: justify;\">Su uso, reproducci\u00f3n, distribuci\u00f3n, comunicaci\u00f3n p\u00fablica, transformaci\u00f3n o cualquier otra actividad similar o an\u00e1loga, queda totalmente prohibida salvo que medie expresa autorizaci\u00f3n de <strong>ROS REFORMAS 2000 SL<\/strong>. La licencia de uso de cualquier contenido de este Portal otorgada al usuario se limita a la descarga por parte del usuario de dicho contenido y el uso privado del mismo, siempre que los citados contenidos permanezcan \u00edntegros.<\/p>\n<p style=\"text-align: justify;\"><strong>ROS REFORMAS 2000 SL<\/strong> declara su respeto a los derechos de propiedad intelectual e industrial de terceros; por ello, si considera que este sitio pudiera estar violando sus derechos, rogamos se ponga en contacto con <strong>ROS REFORMAS 2000 SL<\/strong>.<\/p>\n<h2 style=\"text-align: justify; color: #006830;\">Privacidad<\/h2>\n<p><span style=\"color: #006830;\"><!-- \/wp:heading --><\/span><\/p>\n<p style=\"text-align: justify;\"><strong>ROS REFORMAS 2000 SL<\/strong> declara su respeto a los derechos de propiedad intelectual e industrial de terceros; por ello, si considera que este sitio pudiera estar violando sus derechos, rogamos se ponga en contacto con <strong>ROS REFORMAS 2000 SL<\/strong>.<\/p>\n<p style=\"text-align: justify;\">Usted tendr\u00e1 la posibilidad de ejercer los derechos de acceso, rectificaci\u00f3n, cancelaci\u00f3n, portabilidad, limitaci\u00f3n y oposici\u00f3n de sus datos personales, solicit\u00e1ndolo por correo certificado.<\/p>\n<p style=\"text-align: justify;\"><strong>ROS REFORMAS 2000 SL<\/strong> mantiene los niveles de protecci\u00f3n de sus datos personales conforme al RGPD, relativo a las medidas de seguridad de los ficheros automatizados que contengan datos de car\u00e1cter personal, y ha establecido todos los medios t\u00e9cnicos a su alcance para evitar la p\u00e9rdida, mal uso, alteraci\u00f3n, acceso no autorizado y robo de los datos que Vd. facilite a <strong>ROS REFORMAS 2000 SL<\/strong>, sin perjuicio de que las medidas de seguridad en Internet no sean inexpugnables.<\/p>\n<p style=\"text-align: justify;\"><strong>ROS REFORMAS 2000 SL<\/strong> se reserva la facultad de modificar la presente Pol\u00edtica de Privacidad para adaptarla a las novedades legislativas, jurisprudenciales o de interpretaci\u00f3n de la Agencia Espa\u00f1ola de Protecci\u00f3n de Datos. En este caso, <strong>ROS REFORMAS 2000 SL<\/strong> anunciar\u00e1 dichos cambios, indicando claramente y con la debida antelaci\u00f3n las modificaciones efectuadas, y solicitando, en caso de que sea necesario, su aceptaci\u00f3n de dichos cambios.<\/p>\n<h2 style=\"text-align: justify; color: #006830;\">Ley aplicable y jurisdicci\u00f3n<\/h2>\n<p><span style=\"color: #006830;\"><!-- \/wp:heading --><\/span><\/p>\n<p style=\"text-align: justify;\">La ley aplicable en caso de disputa o conflicto de interpretaci\u00f3n de los t\u00e9rminos que conforman este Aviso Legal, as\u00ed como cualquier cuesti\u00f3n relacionada con los servicios del presente Portal, ser\u00e1 la ley espa\u00f1ola. Para la resoluci\u00f3n de cualquier conflicto que pueda surgir con ocasi\u00f3n de la visita al Portal o del uso de los servicios que en \u00e9l se puedan ofertar, <strong>ROS REFORMAS 2000 SL<\/strong> y el Usuario acuerdan someterse a los Jueces y Tribunales de domicilio del Usuario, siempre que el mismo est\u00e9 situado en territorio espa\u00f1ol.<\/p>\n<h2 style=\"text-align: justify; color: #006830;\">Frames<\/h2>\n<p><span style=\"color: #006830;\"><!-- \/wp:heading --><\/span><\/p>\n<p style=\"text-align: justify;\"><strong>ROS REFORMAS 2000 SL<\/strong> proh\u00edbe expresamente la realizaci\u00f3n de \u00abframmings\u00bb o la utilizaci\u00f3n por parte de terceros de cualesquiera otros mecanismos que alteren el dise\u00f1o, configuraci\u00f3n original o contenidos de su portal o portales bajo su titularidad.<\/p>\n<h2 style=\"text-align: justify; color: #006830;\">Medidas de protecci\u00f3n ante uso abusivo o robotizado<\/h2>\n<p><span style=\"color: #006830;\"><!-- \/wp:heading --><\/span><\/p>\n<p style=\"text-align: justify;\"><strong>ROS REFORMAS 2000 SL<\/strong> se reserva el derecho a realizar cambios t\u00e9cnicos en el Portal www.rosreformas.com y en todos los portales web del que es titular sin previo aviso, con el objeto de preservar la disponibilidad del mismo ante eventuales usos abusivos manuales o robotizados de acceso al mismo.<\/p>\n<h2 style=\"text-align: justify; color: #006830;\">Estad\u00edsticas de uso<\/h2>\n<p><span style=\"color: #006830;\"><!-- \/wp:heading --><\/span><\/p>\n<p style=\"text-align: justify;\"><strong>ROS REFORMAS 2000 SL<\/strong> informa de la utilizaci\u00f3n de Google Analytics en este portal.<\/p>\n<\/div><\/section><\/div>\n<!-- \/wp:shortcode -->","protected":false},"excerpt":{"rendered":"","protected":false},"author":1,"featured_media":0,"parent":0,"menu_order":0,"comment_status":"closed","ping_status":"closed","template":"","meta":{"footnotes":""},"class_list":["post-104","page","type-page","status-publish","hentry"],"_links":{"self":[{"href":"https:\/\/www.rosreformas.com\/en\/wp-json\/wp\/v2\/pages\/104","targetHints":{"allow":["GET"]}}],"collection":[{"href":"https:\/\/www.rosreformas.com\/en\/wp-json\/wp\/v2\/pages"}],"about":[{"href":"https:\/\/www.rosreformas.com\/en\/wp-json\/wp\/v2\/types\/page"}],"author":[{"embeddable":true,"href":"https:\/\/www.rosreformas.com\/en\/wp-json\/wp\/v2\/users\/1"}],"replies":[{"embeddable":true,"href":"https:\/\/www.rosreformas.com\/en\/wp-json\/wp\/v2\/comments?post=104"}],"version-history":[{"count":2,"href":"https:\/\/www.rosreformas.com\/en\/wp-json\/wp\/v2\/pages\/104\/revisions"}],"predecessor-version":[{"id":142,"href":"https:\/\/www.rosreformas.com\/en\/wp-json\/wp\/v2\/pages\/104\/revisions\/142"}],"wp:attachment":[{"href":"https:\/\/www.rosreformas.com\/en\/wp-json\/wp\/v2\/media?parent=104"}],"curies":[{"name":"wp","href":"https:\/\/api.w.org\/{rel}","templated":true}]}}